{"id":4319,"date":"2012-09-23T12:50:45","date_gmt":"2012-09-23T12:50:45","guid":{"rendered":"http:\/\/https:\/\/www.swingsverzekeringen.be\/?page_id=4319"},"modified":"2018-09-28T11:47:37","modified_gmt":"2018-09-28T11:47:37","slug":"offertes-overzicht","status":"publish","type":"page","link":"https:\/\/www.swingsverzekeringen.be\/fr\/offertes-overzicht\/","title":{"rendered":"Aper\u00e7u des offres particuliers"},"content":{"rendered":"<p><\/p>\n<h1>Votre demande de prix personnalis\u00e9e<\/h1>\n<div class='content-column one_half'><h3>V\u00e9hicules<\/h3>\n<p><a title=\"Offerte_Personenwagen\" href=\"\/offerte_personenwagen\">V\u00e9hicules de tourisme \u2013 V\u00e9hicule utilitaire l\u00e9ger<\/a><\/p>\n<h3>Responsabilit\u00e9<\/h3>\n<p><a title=\"Offerte_Gezinspolis\" href=\"\/offerte_gezinspolis\">Assurance familiale<\/a><\/p>\n<h3>Votre habitation et vos proches<\/h3>\n<p><a title=\"Offerte_woningpolis\" href=\"\/offerte_woningpolis\">Assurance incendie<\/a><br \/><\/div><div class='content-column one_half'><h3>Vous-m\u00eame!<\/h3>\n<p><a title=\"Offerte_Pensioensparen\" href=\"\/offerte_pensioensparen\">Epargne retraite<\/a><br \/>\n<a title=\"Offerte_Hospitalisatie\" href=\"\/offerte_hospitalisatie\">Assurance hospitalisation \/ plan<\/a><br \/>\n<a title=\"Offerte_Uitvaartverzekering\" href=\"\/offerte_uitvaartverzekering\">Assurance obs\u00e8ques<\/a><br \/><\/div><br \/>\nEtes-vous int\u00e9ress\u00e9 par d\u2019autres produits?<br \/>\nContactez notre bureau ou posez votre question ici: <a title=\"Contact\" href=\"\/contacteer-ons\">Formulaire de contact en ligne<\/a><\/p>","protected":false},"excerpt":{"rendered":"<p>Votre demande de prix personnalis\u00e9e Etes-vous int\u00e9ress\u00e9 par d\u2019autres produits? Contactez notre bureau ou posez votre question ici: Formulaire de contact en ligne<\/p>\n","protected":false},"author":11,"featured_media":0,"parent":0,"menu_order":0,"comment_status":"closed","ping_status":"closed","template":"","meta":{"footnotes":""},"class_list":["post-4319","page","type-page","status-publish","hentry"],"_links":{"self":[{"href":"https:\/\/www.swingsverzekeringen.be\/fr\/wp-json\/wp\/v2\/pages\/4319","targetHints":{"allow":["GET"]}}],"collection":[{"href":"https:\/\/www.swingsverzekeringen.be\/fr\/wp-json\/wp\/v2\/pages"}],"about":[{"href":"https:\/\/www.swingsverzekeringen.be\/fr\/wp-json\/wp\/v2\/types\/page"}],"author":[{"embeddable":true,"href":"https:\/\/www.swingsverzekeringen.be\/fr\/wp-json\/wp\/v2\/users\/11"}],"replies":[{"embeddable":true,"href":"https:\/\/www.swingsverzekeringen.be\/fr\/wp-json\/wp\/v2\/comments?post=4319"}],"version-history":[{"count":2,"href":"https:\/\/www.swingsverzekeringen.be\/fr\/wp-json\/wp\/v2\/pages\/4319\/revisions"}],"predecessor-version":[{"id":6785,"href":"https:\/\/www.swingsverzekeringen.be\/fr\/wp-json\/wp\/v2\/pages\/4319\/revisions\/6785"}],"wp:attachment":[{"href":"https:\/\/www.swingsverzekeringen.be\/fr\/wp-json\/wp\/v2\/media?parent=4319"}],"curies":[{"name":"wp","href":"https:\/\/api.w.org\/{rel}","templated":true}]}}